{"id":38,"date":"2020-09-09T20:30:15","date_gmt":"2020-09-09T17:30:15","guid":{"rendered":"http:\/\/www.burkayproje.com\/?page_id=38"},"modified":"2020-09-09T23:17:39","modified_gmt":"2020-09-09T20:17:39","slug":"giris","status":"publish","type":"page","link":"http:\/\/www.burkayproje.com\/","title":{"rendered":"Giri\u015f"},"content":{"rendered":"\n<p class=\"has-large-font-size\"><strong>Burkay Proje<\/strong><\/p>\n\n\n\n<p class=\"has-medium-font-size\"><strong>Tasar\u0131m &#8211; Proje &#8211; Dan\u0131\u015fmanl\u0131k &#8211; M\u00fc\u015favirlik &#8211; Taahh\u00fct<\/strong><\/p>\n\n\n\n<p>Prefabrike Betonarme Sanayi Yap\u0131lar\u0131<\/p>\n\n\n\n<p>Artgerilimli Betonarme Yap\u0131lar<\/p>\n\n\n\n<p>\u00c7elik Yap\u0131lar<\/p>\n\n\n\n<p>Mimarl\u0131k<\/p>\n\n\n\n<p>Eri\u015filebilirlik Dan\u0131\u015fmanl\u0131\u011f\u0131<\/p>\n\n\n\n<p>M\u00fchendislik Yaz\u0131l\u0131mlar\u0131<\/p>\n","protected":false},"excerpt":{"rendered":"<p>Burkay Proje Tasar\u0131m &#8211; Proje &#8211; Dan\u0131\u015fmanl\u0131k &#8211; M\u00fc\u015favirlik &#8211; Taahh\u00fct Prefabrike Betonarme Sanayi Yap\u0131lar\u0131 Artgerilimli Betonarme Yap\u0131lar \u00c7elik Yap\u0131lar Mimarl\u0131k Eri\u015filebilirlik Dan\u0131\u015fmanl\u0131\u011f\u0131 M\u00fchendislik Yaz\u0131l\u0131mlar\u0131<\/p>\n","protected":false},"author":1,"featured_media":0,"parent":0,"menu_order":0,"comment_status":"closed","ping_status":"closed","template":"template-business.php","meta":[],"_links":{"self":[{"href":"http:\/\/www.burkayproje.com\/index.php?rest_route=\/wp\/v2\/pages\/38"}],"collection":[{"href":"http:\/\/www.burkayproje.com\/index.php?rest_route=\/wp\/v2\/pages"}],"about":[{"href":"http:\/\/www.burkayproje.com\/index.php?rest_route=\/wp\/v2\/types\/page"}],"author":[{"embeddable":true,"href":"http:\/\/www.burkayproje.com\/index.php?rest_route=\/wp\/v2\/users\/1"}],"replies":[{"embeddable":true,"href":"http:\/\/www.burkayproje.com\/index.php?rest_route=%2Fwp%2Fv2%2Fcomments&post=38"}],"version-history":[{"count":2,"href":"http:\/\/www.burkayproje.com\/index.php?rest_route=\/wp\/v2\/pages\/38\/revisions"}],"predecessor-version":[{"id":44,"href":"http:\/\/www.burkayproje.com\/index.php?rest_route=\/wp\/v2\/pages\/38\/revisions\/44"}],"wp:attachment":[{"href":"http:\/\/www.burkayproje.com\/index.php?rest_route=%2Fwp%2Fv2%2Fmedia&parent=38"}],"curies":[{"name":"wp","href":"https:\/\/api.w.org\/{rel}","templated":true}]}}